{"id":653,"date":"2021-10-23T14:59:57","date_gmt":"2021-10-23T18:59:57","guid":{"rendered":"https:\/\/dominos.qc.ca\/our-stores\/"},"modified":"2025-07-24T10:11:41","modified_gmt":"2025-07-24T14:11:41","slug":"our-stores","status":"publish","type":"page","link":"https:\/\/dominos.qc.ca\/en\/our-stores\/","title":{"rendered":"Our stores"},"content":{"rendered":"\t\t<div data-elementor-type=\"wp-page\" data-elementor-id=\"653\" class=\"elementor elementor-653 elementor-540\" data-elementor-post-type=\"page\">\n\t\t\t\t\t\t<section class=\"elementor-section elementor-top-section elementor-element elementor-element-1a85405 elementor-section-boxed elementor-section-height-default elementor-section-height-default\" data-id=\"1a85405\" data-element_type=\"section\" data-e-type=\"section\">\n\t\t\t\t\t\t<div class=\"elementor-container elementor-column-gap-default\">\n\t\t\t\t\t<div class=\"elementor-column elementor-col-100 elementor-top-column elementor-element elementor-element-e8623a3\" data-id=\"e8623a3\" data-element_type=\"column\" data-e-type=\"column\">\n\t\t\t<div class=\"elementor-widget-wrap elementor-element-populated\">\n\t\t\t\t\t\t<div class=\"elementor-element elementor-element-8f10e77 elementor-align-right elementor-mobile-align-center elementor-widget elementor-widget-button\" data-id=\"8f10e77\" data-element_type=\"widget\" data-e-type=\"widget\" data-widget_type=\"button.default\">\n\t\t\t\t<div class=\"elementor-widget-container\">\n\t\t\t\t\t\t\t\t\t<div class=\"elementor-button-wrapper\">\n\t\t\t\t\t<a class=\"elementor-button elementor-button-link elementor-size-md\" href=\"https:\/\/www.dominos.ca\/fr\/pages\/order\/#!\/locations\/search\/\">\n\t\t\t\t\t\t<span class=\"elementor-button-content-wrapper\">\n\t\t\t\t\t\t\t\t\t<span class=\"elementor-button-text\">ORDER ONLINE<\/span>\n\t\t\t\t\t<\/span>\n\t\t\t\t\t<\/a>\n\t\t\t\t<\/div>\n\t\t\t\t\t\t\t\t<\/div>\n\t\t\t\t<\/div>\n\t\t\t\t\t<\/div>\n\t\t<\/div>\n\t\t\t\t\t<\/div>\n\t\t<\/section>\n\t\t\t\t<section class=\"elementor-section elementor-top-section elementor-element elementor-element-11cb037f elementor-section-boxed elementor-section-height-default elementor-section-height-default\" data-id=\"11cb037f\" data-element_type=\"section\" data-e-type=\"section\">\n\t\t\t\t\t\t<div class=\"elementor-container elementor-column-gap-default\">\n\t\t\t\t\t<div class=\"elementor-column elementor-col-100 elementor-top-column elementor-element elementor-element-30fc36a4\" data-id=\"30fc36a4\" data-element_type=\"column\" data-e-type=\"column\">\n\t\t\t<div class=\"elementor-widget-wrap elementor-element-populated\">\n\t\t\t\t\t\t<section class=\"elementor-section elementor-inner-section elementor-element elementor-element-73ea273 elementor-section-boxed elementor-section-height-default elementor-section-height-default\" data-id=\"73ea273\" data-element_type=\"section\" data-e-type=\"section\">\n\t\t\t\t\t\t<div class=\"elementor-container elementor-column-gap-default\">\n\t\t\t\t\t<div class=\"elementor-column elementor-col-100 elementor-inner-column elementor-element elementor-element-7280d31\" data-id=\"7280d31\" data-element_type=\"column\" data-e-type=\"column\">\n\t\t\t<div class=\"elementor-widget-wrap elementor-element-populated\">\n\t\t\t\t\t\t<div class=\"elementor-element elementor-element-dd72350 elementor-widget elementor-widget-image\" data-id=\"dd72350\" data-element_type=\"widget\" data-e-type=\"widget\" data-widget_type=\"image.default\">\n\t\t\t\t<div class=\"elementor-widget-container\">\n\t\t\t\t\t\t\t\t\t\t\t\t\t\t\t<img decoding=\"async\" src=\"https:\/\/dominos.qc.ca\/wp-content\/uploads\/elementor\/thumbs\/13-pf03nzqw8rkgechqrn6b9kpm3lari40cx8iw22x9bk.png\" title=\"13\" alt=\"13\" loading=\"lazy\" \/>\t\t\t\t\t\t\t\t\t\t\t\t\t\t\t<\/div>\n\t\t\t\t<\/div>\n\t\t\t\t\t<\/div>\n\t\t<\/div>\n\t\t\t\t\t<\/div>\n\t\t<\/section>\n\t\t\t\t<section class=\"elementor-section elementor-inner-section elementor-element elementor-element-cb1b9db elementor-section-boxed elementor-section-height-default elementor-section-height-default\" data-id=\"cb1b9db\" data-element_type=\"section\" data-e-type=\"section\">\n\t\t\t\t\t\t<div class=\"elementor-container elementor-column-gap-default\">\n\t\t\t\t\t<div class=\"elementor-column elementor-col-50 elementor-inner-column elementor-element elementor-element-af85b94\" data-id=\"af85b94\" data-element_type=\"column\" data-e-type=\"column\">\n\t\t\t<div class=\"elementor-widget-wrap elementor-element-populated\">\n\t\t\t\t\t\t<div class=\"elementor-element elementor-element-4598b07 elementor-widget elementor-widget-image\" data-id=\"4598b07\" data-element_type=\"widget\" data-e-type=\"widget\" data-widget_type=\"image.default\">\n\t\t\t\t<div class=\"elementor-widget-container\">\n\t\t\t\t\t\t\t\t\t\t\t\t\t\t\t<img decoding=\"async\" src=\"https:\/\/dominos.qc.ca\/wp-content\/uploads\/elementor\/thumbs\/10-1-1-pf03kod9guajevldyhn434u9l6oapp93ybyggonhsw.jpg\" title=\"10-1\" alt=\"10-1\" loading=\"lazy\" \/>\t\t\t\t\t\t\t\t\t\t\t\t\t\t\t<\/div>\n\t\t\t\t<\/div>\n\t\t\t\t\t<\/div>\n\t\t<\/div>\n\t\t\t\t<div class=\"elementor-column elementor-col-50 elementor-inner-column elementor-element elementor-element-beede55\" data-id=\"beede55\" data-element_type=\"column\" data-e-type=\"column\">\n\t\t\t<div class=\"elementor-widget-wrap elementor-element-populated\">\n\t\t\t\t\t\t<div class=\"elementor-element elementor-element-34d5afa elementor-widget elementor-widget-image\" data-id=\"34d5afa\" data-element_type=\"widget\" data-e-type=\"widget\" data-widget_type=\"image.default\">\n\t\t\t\t<div class=\"elementor-widget-container\">\n\t\t\t\t\t\t\t\t\t\t\t\t\t\t\t\t<a href=\"https:\/\/dominos.qc.ca\/en\/form\/\">\n\t\t\t\t\t\t\t<img decoding=\"async\" src=\"https:\/\/dominos.qc.ca\/wp-content\/uploads\/elementor\/thumbs\/11-2-pf03kzn9rt3vmb7p786bppx2gjso45w52mgecbsbq8.jpg\" title=\"11-2\" alt=\"11-2\" loading=\"lazy\" \/>\t\t\t\t\t\t\t\t<\/a>\n\t\t\t\t\t\t\t\t\t\t\t\t\t\t\t<\/div>\n\t\t\t\t<\/div>\n\t\t\t\t\t<\/div>\n\t\t<\/div>\n\t\t\t\t\t<\/div>\n\t\t<\/section>\n\t\t\t\t\t<\/div>\n\t\t<\/div>\n\t\t\t\t\t<\/div>\n\t\t<\/section>\n\t\t\t\t<section class=\"elementor-section elementor-top-section elementor-element elementor-element-1719925 elementor-section-boxed elementor-section-height-default elementor-section-height-default\" data-id=\"1719925\" data-element_type=\"section\" data-e-type=\"section\">\n\t\t\t\t\t\t<div class=\"elementor-container elementor-column-gap-default\">\n\t\t\t\t\t<div class=\"elementor-column elementor-col-100 elementor-top-column elementor-element elementor-element-3ce5791\" data-id=\"3ce5791\" data-element_type=\"column\" data-e-type=\"column\">\n\t\t\t<div class=\"elementor-widget-wrap elementor-element-populated\">\n\t\t\t\t\t\t<div class=\"elementor-element elementor-element-e3610e8 elementor-widget elementor-widget-spacer\" data-id=\"e3610e8\" data-element_type=\"widget\" data-e-type=\"widget\" data-widget_type=\"spacer.default\">\n\t\t\t\t<div class=\"elementor-widget-container\">\n\t\t\t\t\t\t\t<div class=\"elementor-spacer\">\n\t\t\t<div class=\"elementor-spacer-inner\"><\/div>\n\t\t<\/div>\n\t\t\t\t\t\t<\/div>\n\t\t\t\t<\/div>\n\t\t\t\t<div class=\"elementor-element elementor-element-77b381d elementor-widget elementor-widget-heading\" data-id=\"77b381d\" data-element_type=\"widget\" data-e-type=\"widget\" data-widget_type=\"heading.default\">\n\t\t\t\t<div class=\"elementor-widget-container\">\n\t\t\t\t\t<h1 class=\"elementor-heading-title elementor-size-default\">OUR STORES<\/h1>\t\t\t\t<\/div>\n\t\t\t\t<\/div>\n\t\t\t\t<div class=\"elementor-element elementor-element-4a0446f elementor-widget elementor-widget-heading\" data-id=\"4a0446f\" data-element_type=\"widget\" data-e-type=\"widget\" data-widget_type=\"heading.default\">\n\t\t\t\t<div class=\"elementor-widget-container\">\n\t\t\t\t\t<h2 class=\"elementor-heading-title elementor-size-default\">THERE ARE MANY OPPORTUNITIES TO WORK IN A NEIGHBORHOOD NEAR YOUR HOME!<\/h2>\t\t\t\t<\/div>\n\t\t\t\t<\/div>\n\t\t\t\t<section class=\"elementor-section elementor-inner-section elementor-element elementor-element-f1e6c11 elementor-section-boxed elementor-section-height-default elementor-section-height-default\" data-id=\"f1e6c11\" data-element_type=\"section\" data-e-type=\"section\">\n\t\t\t\t\t\t<div class=\"elementor-container elementor-column-gap-default\">\n\t\t\t\t\t<div class=\"elementor-column elementor-col-100 elementor-inner-column elementor-element elementor-element-656835d\" data-id=\"656835d\" data-element_type=\"column\" data-e-type=\"column\">\n\t\t\t<div class=\"elementor-widget-wrap elementor-element-populated\">\n\t\t\t\t\t\t<div class=\"elementor-element elementor-element-a11d819 elementor-widget elementor-widget-text-editor\" data-id=\"a11d819\" data-element_type=\"widget\" data-e-type=\"widget\" data-widget_type=\"text-editor.default\">\n\t\t\t\t<div class=\"elementor-widget-container\">\n\t\t\t\t\t\t\t\t\t<div class=\"page\" title=\"Page 4\">\n<div class=\"layoutArea\">\n<div class=\"column\">\n<p>Domino&#8217;s Pizza offers great first job opportunities for young people and great opportunities for people looking for stability!<\/p>\n<\/div>\n<\/div>\n<\/div>\n\t\t\t\t\t\t\t\t<\/div>\n\t\t\t\t<\/div>\n\t\t\t\t\t<\/div>\n\t\t<\/div>\n\t\t\t\t\t<\/div>\n\t\t<\/section>\n\t\t\t\t<section class=\"elementor-section elementor-inner-section elementor-element elementor-element-af0abb3 elementor-section-boxed elementor-section-height-default elementor-section-height-default\" data-id=\"af0abb3\" data-element_type=\"section\" data-e-type=\"section\">\n\t\t\t\t\t\t<div class=\"elementor-container elementor-column-gap-default\">\n\t\t\t\t\t<div class=\"elementor-column elementor-col-100 elementor-inner-column elementor-element elementor-element-d9565d9\" data-id=\"d9565d9\" data-element_type=\"column\" data-e-type=\"column\">\n\t\t\t<div class=\"elementor-widget-wrap elementor-element-populated\">\n\t\t\t\t\t\t<div class=\"elementor-element elementor-element-c72234c elementor-widget elementor-widget-text-editor\" data-id=\"c72234c\" data-element_type=\"widget\" data-e-type=\"widget\" data-widget_type=\"text-editor.default\">\n\t\t\t\t<div class=\"elementor-widget-container\">\n\t\t\t\t\t\t\t\t\t<ul type=\"disc\"><li style=\"font-size: 16px;\">25 Boul. Don-Quichotte, L&#8217;Ile-Perrot, QC J7V 7X4, (514) 425-6666<\/li><li style=\"font-size: 16px;\">25 Ch. de la Savane, Gatineau, QC J8T 8A4, (819) 243-4000<\/li><li style=\"font-size: 16px;\">35 Rue Rachel O, Montr\u00e9al, QC H2W 2T1, (514) 845-2222<\/li><li style=\"font-size: 16px;\">38 Pl. du Commerce, Verdun, QC H3E 1T8, (514) 767-9999<\/li><li style=\"font-size: 16px;\">183 Boul. Hymus, Pointe-Claire, QC H9R 1E9, (514) 695-5555<\/li><li style=\"font-size: 16px;\">189 25e Ave, Saint-Eustache, QC J7P 2V1, (450) 472-9999<\/li><li style=\"font-size: 16px;\"><span style=\"background-color: transparent; color: var( --e-global-color-text );\">209 Boul. du Cur\u00e9-Labelle, Sainte-Th\u00e9r\u00e8se, QC J7E 2X6, (450) 419-9777<\/span><\/li><li style=\"font-size: 16px;\">250 Boul. Graham, Mont-Royal, QC H3P 2C5, (514) 344-4545<\/li><li style=\"font-size: 16px;\">299A Boul. d\u2019Anjou, Ch\u00e2teauguay, QC J6J 2R5, (450) 201-2080<\/li><li style=\"font-size: 16px;\">300 Notre Dame E, Montr\u00e9al, QC H2Y 1C7, (514) 861-0333<\/li><li style=\"font-size: 16px;\"><span style=\"background-color: transparent; color: var( --e-global-color-text );\">475 Av. Dumont, Dorval, QC H9S 5W2, (514) 828-5000<\/span><\/li><li style=\"font-size: 16px;\"><span style=\"background-color: #f7f6f6;\">550 Boul. du Cur\u00e9-Labelle, Laval, QC H7L 4V6, (450) 963-3030<\/span><\/li><li style=\"font-size: 16px;\">662 Boul. Saint-Joseph, Gatineau, QC J8Y 4A8, (819) 771-1555<\/li><li style=\"font-size: 16px;\">680 Boul. Wilfrid-Hamel, Qu\u00e9bec, QC G1M 2P9 (418) 681-3363<\/li><li style=\"font-size: 16px;\"><span style=\"background-color: transparent; color: var( --e-global-color-text );\">1100 Boul. du Cur\u00e9-Labelle, Laval, QC H7V 2V5, (450) 688-0008<\/span><\/li><li style=\"font-size: 16px;\">1105 Rue Belvedere S, Sherbrooke, QC J1H 4C8, (819) 346-6767<\/li><li style=\"font-size: 16px;\">1175 Rue de l&#8217;\u00c9glise, Verdun, QC H4G 2P1, (514) 762-3333<\/li><li style=\"font-size: 16px;\">1215 Rue Bishop, Montr\u00e9al, QC H3G 2E2, (514) 398-9898<\/li><li style=\"font-size: 16px;\">1500 Ch. de Chambly, Longueuil, QC J4J 3X5, (450) 670-9999<\/li><li style=\"font-size: 16px;\"><span style=\"background-color: transparent; color: var( --e-global-color-text );\">1593 Rue King E, Sherbrooke, QC J1G 1E8, (819) 822-2022<\/span><\/li><li style=\"font-size: 16px;\">2000 Av. Victoria Unit B, Greenfield Park, QC J4V 1M6, (450) 466-7777<\/li><li style=\"font-size: 16px;\"><span style=\"background-color: transparent; color: var( --e-global-color-text );\">2190 Av. Dollard, Montr\u00e9al, QC H8N 1S6, (514) 365-4222<\/span><\/li><li style=\"font-size: 16px;\">2659 Av. Van Horne, Montr\u00e9al, QC H3S 1P6, (514) 344-8080<\/li><li style=\"font-size: 16px;\">2673 Ch. Sainte-Foy, Qu\u00e9bec, QC G1V 1V3, (418) 650-5555<\/li><li style=\"font-size: 16px;\"><span style=\"background-color: transparent; color: var( --e-global-color-text );\">3326 Ontario St E, Montreal, Quebec H1W 1P7, (514) 525-3333<\/span><\/li><li style=\"font-size: 16px;\">3400 1re Av, Qu\u00e9bec, QC G1L 3R5,\u00a0 (418) 622-3336<\/li><li style=\"font-size: 16px;\">3628 Rue Notre Dame O, Montr\u00e9al, QC H4C 1P5, (514) 932-3030<\/li><li style=\"font-size: 16px;\">3769 Ch. D&#8217;Oka, Saint-Joseph-Du-Lac, QC J0N 1M0, (450) 413-2220<\/li><li style=\"font-size: 16px;\">4225 Boul. Bourque, Sherbrooke, QC J1L 1N7, (819) 822-2223<\/li><li style=\"font-size: 16px;\">4391 Av. Papineau, Montr\u00e9al, QC H2H 1T7, (514) 525-2222<\/li><li style=\"font-size: 16px;\">4655 Av. Van Horne, Montr\u00e9al, QC H3W 1H8, (514) 738-8000<\/li><li style=\"font-size: 16px;\">4726 Boul. Samson, Laval, Quebec H7W 2H7, (450) 688-8888<\/li><li style=\"font-size: 16px;\">4805 Boul. des Sources, Montr\u00e9al, QC H8Y 3C6, (514) 421-5000<\/li><li style=\"font-size: 16px;\">5206 QC-132, Sainte-Catherine, QC J5C 1L8, (450) 632-3332<\/li><li style=\"font-size: 16px;\">5426 Boul. Cousineau, Saint-Hubert, QC J3Y 7J8, (450) 656-1117<\/li><li style=\"font-size: 16px;\"><span style=\"background-color: transparent; color: var( --e-global-color-text );\">5488 Chem. de la C\u00f4te-Saint-Luc, Montr\u00e9al, QC H3X 2C7, (514) 484-5555<\/span><\/li><li style=\"font-size: 16px;\">6922 Sherbrooke E, Montr\u00e9al, QC H1N 1E4 (514) 667-5444<\/li><li style=\"font-size: 16px;\">7009 Chem. de la C\u00f4te Saint-Luc, Montr\u00e9al, QC HAV 113, (514) 486-6666<\/li><li style=\"font-size: 16px;\">7046 Rue St-Hubert, Montr\u00e9al, QC H2S 2M9, (514) 490-1000<\/li><li style=\"font-size: 16px;\"><span style=\"background-color: transparent; color: var( --e-global-color-text );\">7800 Boul. Taschereau, Brossard, QC J4X 1V7, (450) 466-8000<\/span><\/li><li style=\"font-size: 16px;\">9065 Boul. de l&#8217;Ormi\u00e8re, Qu\u00e9bec, QC G2B 3K2 (418) 843-1444<\/li><li style=\"font-size: 16px;\">9071 Boul. Maurice-Duplessis, Montr\u00e9al, QC H1E 6M3, (514) 648-7878<\/li><li style=\"font-size: 16px;\"><span style=\"background-color: transparent; color: var( --e-global-color-text );\">9350 Boul. Lacordaire, Saint-L\u00e9onard, QC H1R 2B7, (438) 386-6886<\/span><\/li><li style=\"font-size: 16px;\">15480 Boul. de Pierrefonds, Montr\u00e9al, QC H9H 4K3, (514) 696-5555<\/li><li style=\"font-size: 16px;\">835 Taschereau, Suite 100, LaPrairie, QC, J5R 1W2, 450-695-6996<\/li><\/ul>\t\t\t\t\t\t\t\t<\/div>\n\t\t\t\t<\/div>\n\t\t\t\t\t<\/div>\n\t\t<\/div>\n\t\t\t\t\t<\/div>\n\t\t<\/section>\n\t\t\t\t<div class=\"elementor-element elementor-element-ebf6566 elementor-widget elementor-widget-spacer\" data-id=\"ebf6566\" data-element_type=\"widget\" data-e-type=\"widget\" data-widget_type=\"spacer.default\">\n\t\t\t\t<div class=\"elementor-widget-container\">\n\t\t\t\t\t\t\t<div class=\"elementor-spacer\">\n\t\t\t<div class=\"elementor-spacer-inner\"><\/div>\n\t\t<\/div>\n\t\t\t\t\t\t<\/div>\n\t\t\t\t<\/div>\n\t\t\t\t<div class=\"elementor-element elementor-element-4e78419 elementor-align-center elementor-mobile-align-center elementor-widget elementor-widget-button\" data-id=\"4e78419\" data-element_type=\"widget\" data-e-type=\"widget\" data-widget_type=\"button.default\">\n\t\t\t\t<div class=\"elementor-widget-container\">\n\t\t\t\t\t\t\t\t\t<div class=\"elementor-button-wrapper\">\n\t\t\t\t\t<a class=\"elementor-button elementor-button-link elementor-size-md\" href=\"https:\/\/dominos.qc.ca\/en\/form\/\">\n\t\t\t\t\t\t<span class=\"elementor-button-content-wrapper\">\n\t\t\t\t\t\t\t\t\t<span class=\"elementor-button-text\">APPLY NOW<\/span>\n\t\t\t\t\t<\/span>\n\t\t\t\t\t<\/a>\n\t\t\t\t<\/div>\n\t\t\t\t\t\t\t\t<\/div>\n\t\t\t\t<\/div>\n\t\t\t\t<div class=\"elementor-element elementor-element-cfa16fa elementor-widget elementor-widget-spacer\" data-id=\"cfa16fa\" data-element_type=\"widget\" data-e-type=\"widget\" data-widget_type=\"spacer.default\">\n\t\t\t\t<div class=\"elementor-widget-container\">\n\t\t\t\t\t\t\t<div class=\"elementor-spacer\">\n\t\t\t<div class=\"elementor-spacer-inner\"><\/div>\n\t\t<\/div>\n\t\t\t\t\t\t<\/div>\n\t\t\t\t<\/div>\n\t\t\t\t\t<\/div>\n\t\t<\/div>\n\t\t\t\t\t<\/div>\n\t\t<\/section>\n\t\t\t\t<section class=\"elementor-section elementor-top-section elementor-element elementor-element-b734c37 elementor-section-boxed elementor-section-height-default elementor-section-height-default\" data-id=\"b734c37\" data-element_type=\"section\" data-e-type=\"section\">\n\t\t\t\t\t\t<div class=\"elementor-container elementor-column-gap-default\">\n\t\t\t\t\t<div class=\"elementor-column elementor-col-100 elementor-top-column elementor-element elementor-element-9bc14ea\" data-id=\"9bc14ea\" data-element_type=\"column\" data-e-type=\"column\">\n\t\t\t<div class=\"elementor-widget-wrap elementor-element-populated\">\n\t\t\t\t\t\t<div class=\"elementor-element elementor-element-a892193 elementor-widget elementor-widget-heading\" data-id=\"a892193\" data-element_type=\"widget\" data-e-type=\"widget\" data-widget_type=\"heading.default\">\n\t\t\t\t<div class=\"elementor-widget-container\">\n\t\t\t\t\t<h2 class=\"elementor-heading-title elementor-size-default\">SEE ALL POSITIONS AVAILABLE!<\/h2>\t\t\t\t<\/div>\n\t\t\t\t<\/div>\n\t\t\t\t<section class=\"elementor-section elementor-inner-section elementor-element elementor-element-6b13bdb elementor-section-boxed elementor-section-height-default elementor-section-height-default\" data-id=\"6b13bdb\" data-element_type=\"section\" data-e-type=\"section\">\n\t\t\t\t\t\t<div class=\"elementor-container elementor-column-gap-default\">\n\t\t\t\t\t<div class=\"elementor-column elementor-col-100 elementor-inner-column elementor-element elementor-element-e04695a\" data-id=\"e04695a\" data-element_type=\"column\" data-e-type=\"column\">\n\t\t\t<div class=\"elementor-widget-wrap elementor-element-populated\">\n\t\t\t\t\t\t<div class=\"elementor-element elementor-element-5547cd2 elementor-widget elementor-widget-text-editor\" data-id=\"5547cd2\" data-element_type=\"widget\" data-e-type=\"widget\" data-widget_type=\"text-editor.default\">\n\t\t\t\t<div class=\"elementor-widget-container\">\n\t\t\t\t\t\t\t\t\t<h2>We are a strong brand and our employees are the foundation&nbsp;<\/h2>\n<p>Domino&#8217;s is an equal opportunity employer and is committed to maintaining a diverse workforce.&nbsp;<\/p>\n<p>Join a winning team today!<\/p>\n\t\t\t\t\t\t\t\t<\/div>\n\t\t\t\t<\/div>\n\t\t\t\t\t<\/div>\n\t\t<\/div>\n\t\t\t\t\t<\/div>\n\t\t<\/section>\n\t\t\t\t\t<\/div>\n\t\t<\/div>\n\t\t\t\t\t<\/div>\n\t\t<\/section>\n\t\t\t\t<section class=\"elementor-section elementor-top-section elementor-element elementor-element-46e994c elementor-section-boxed elementor-section-height-default elementor-section-height-default\" data-id=\"46e994c\" data-element_type=\"section\" data-e-type=\"section\">\n\t\t\t\t\t\t<div class=\"elementor-container elementor-column-gap-default\">\n\t\t\t\t\t<div class=\"elementor-column elementor-col-100 elementor-top-column elementor-element elementor-element-38112c3\" data-id=\"38112c3\" data-element_type=\"column\" data-e-type=\"column\">\n\t\t\t<div class=\"elementor-widget-wrap elementor-element-populated\">\n\t\t\t\t\t\t<div class=\"elementor-element elementor-element-e2387b2 elementor-widget elementor-widget-spacer\" data-id=\"e2387b2\" data-element_type=\"widget\" data-e-type=\"widget\" data-widget_type=\"spacer.default\">\n\t\t\t\t<div class=\"elementor-widget-container\">\n\t\t\t\t\t\t\t<div class=\"elementor-spacer\">\n\t\t\t<div class=\"elementor-spacer-inner\"><\/div>\n\t\t<\/div>\n\t\t\t\t\t\t<\/div>\n\t\t\t\t<\/div>\n\t\t\t\t\t<\/div>\n\t\t<\/div>\n\t\t\t\t\t<\/div>\n\t\t<\/section>\n\t\t\t\t<section class=\"elementor-section elementor-top-section elementor-element elementor-element-f490c5c elementor-section-boxed elementor-section-height-default elementor-section-height-default\" data-id=\"f490c5c\" data-element_type=\"section\" data-e-type=\"section\">\n\t\t\t\t\t\t<div class=\"elementor-container elementor-column-gap-default\">\n\t\t\t\t\t<div class=\"elementor-column elementor-col-100 elementor-top-column elementor-element elementor-element-f6f773b\" data-id=\"f6f773b\" data-element_type=\"column\" data-e-type=\"column\">\n\t\t\t<div class=\"elementor-widget-wrap elementor-element-populated\">\n\t\t\t\t\t\t<div class=\"elementor-element elementor-element-06e9df2 elementor-widget elementor-widget-image\" data-id=\"06e9df2\" data-element_type=\"widget\" data-e-type=\"widget\" data-widget_type=\"image.default\">\n\t\t\t\t<div class=\"elementor-widget-container\">\n\t\t\t\t\t\t\t\t\t\t\t\t\t\t\t\t<a href=\"https:\/\/pizza.dominos.ca\/lp\/zero-contact-service\/\" target=\"_blank\" rel=\"nofollow\">\n\t\t\t\t\t\t\t<img decoding=\"async\" src=\"https:\/\/dominos.qc.ca\/wp-content\/uploads\/elementor\/thumbs\/12-pf03oesb9oc8hdvm7ap43kdlhs7fxyhs89mp3dwpi2.png\" title=\"12\" alt=\"12\" loading=\"lazy\" \/>\t\t\t\t\t\t\t\t<\/a>\n\t\t\t\t\t\t\t\t\t\t\t\t\t\t\t<\/div>\n\t\t\t\t<\/div>\n\t\t\t\t\t<\/div>\n\t\t<\/div>\n\t\t\t\t\t<\/div>\n\t\t<\/section>\n\t\t\t\t<section class=\"elementor-section elementor-top-section elementor-element elementor-element-64fd22b elementor-section-boxed elementor-section-height-default elementor-section-height-default\" data-id=\"64fd22b\" data-element_type=\"section\" data-e-type=\"section\">\n\t\t\t\t\t\t<div class=\"elementor-container elementor-column-gap-default\">\n\t\t\t\t\t<div class=\"elementor-column elementor-col-100 elementor-top-column elementor-element elementor-element-ef414da\" data-id=\"ef414da\" data-element_type=\"column\" data-e-type=\"column\">\n\t\t\t<div class=\"elementor-widget-wrap elementor-element-populated\">\n\t\t\t\t\t\t<div class=\"elementor-element elementor-element-7f5cc52 elementor-widget elementor-widget-spacer\" data-id=\"7f5cc52\" data-element_type=\"widget\" data-e-type=\"widget\" data-widget_type=\"spacer.default\">\n\t\t\t\t<div class=\"elementor-widget-container\">\n\t\t\t\t\t\t\t<div class=\"elementor-spacer\">\n\t\t\t<div class=\"elementor-spacer-inner\"><\/div>\n\t\t<\/div>\n\t\t\t\t\t\t<\/div>\n\t\t\t\t<\/div>\n\t\t\t\t\t<\/div>\n\t\t<\/div>\n\t\t\t\t\t<\/div>\n\t\t<\/section>\n\t\t\t\t<\/div>\n\t\t","protected":false},"excerpt":{"rendered":"<p>ORDER ONLINE OUR STORES THERE ARE MANY OPPORTUNITIES TO WORK IN A NEIGHBORHOOD NEAR YOUR HOME! Domino&#8217;s Pizza offers great first job opportunities for young people and great opportunities for people looking for stability! 25 Boul. Don-Quichotte, L&#8217;Ile-Perrot, QC J7V 7X4, (514) 425-6666 25 Ch. de la Savane, Gatineau, QC J8T 8A4, (819) 243-4000 35 [&hellip;]<\/p>\n","protected":false},"author":1,"featured_media":0,"parent":0,"menu_order":0,"comment_status":"closed","ping_status":"closed","template":"elementor_header_footer","meta":{"footnotes":""},"class_list":["post-653","page","type-page","status-publish","hentry"],"_links":{"self":[{"href":"https:\/\/dominos.qc.ca\/en\/wp-json\/wp\/v2\/pages\/653","targetHints":{"allow":["GET"]}}],"collection":[{"href":"https:\/\/dominos.qc.ca\/en\/wp-json\/wp\/v2\/pages"}],"about":[{"href":"https:\/\/dominos.qc.ca\/en\/wp-json\/wp\/v2\/types\/page"}],"author":[{"embeddable":true,"href":"https:\/\/dominos.qc.ca\/en\/wp-json\/wp\/v2\/users\/1"}],"replies":[{"embeddable":true,"href":"https:\/\/dominos.qc.ca\/en\/wp-json\/wp\/v2\/comments?post=653"}],"version-history":[{"count":67,"href":"https:\/\/dominos.qc.ca\/en\/wp-json\/wp\/v2\/pages\/653\/revisions"}],"predecessor-version":[{"id":1486,"href":"https:\/\/dominos.qc.ca\/en\/wp-json\/wp\/v2\/pages\/653\/revisions\/1486"}],"wp:attachment":[{"href":"https:\/\/dominos.qc.ca\/en\/wp-json\/wp\/v2\/media?parent=653"}],"curies":[{"name":"wp","href":"https:\/\/api.w.org\/{rel}","templated":true}]}}